{"id":22,"date":"2013-02-06T21:00:26","date_gmt":"2013-02-06T21:00:26","guid":{"rendered":"http:\/\/botsch.eu\/?page_id=22"},"modified":"2021-02-01T16:20:22","modified_gmt":"2021-02-01T16:20:22","slug":"bergsport-links","status":"publish","type":"page","link":"http:\/\/botsch.eu\/?page_id=22","title":{"rendered":"Klettern"},"content":{"rendered":"<div align=\"center\">\n<table class=\"auto-style9\" style=\"height: 610px;\" border=\"0\" width=\"873\" cellspacing=\"0\" cellpadding=\"0\">\n<tbody>\n<tr style=\"mso-yfti-irow: 0; mso-yfti-firstrow: yes; height: 291.0pt;\">\n<td style=\"width: 154.5pt; padding: 0pt; height: 291.0pt;\" valign=\"top\" width=\"206\">\n<h2 style=\"padding-left: 30px;\"><em><strong><span style=\"font-size: 16.0pt; font-family: 'Stylus BT'; color: #ce7b00;\">Klettern<br \/>\nund<br \/>\nBergsport<\/span><\/strong><\/em><\/h2>\n<h5 style=\"padding-left: 70px;\"><\/h5>\n<h5 style=\"padding-left: 30px;\"><a href=\"http:\/\/climbthuer.botsch.eu\" target=\"_blank\" rel=\"noopener noreferrer\"><em>Klettern in Th\u00fcringen<\/em><\/a><\/h5>\n<h5 style=\"padding-left: 30px;\"><em><a href=\"http:\/\/climbsachsen.botsch.eu\" target=\"_blank\" rel=\"noopener noreferrer\">Klettern in Sachsen<\/a><\/em><\/h5>\n<h5 style=\"padding-left: 30px;\"><em><a href=\"http:\/\/climbzugspitze.botsch.eu\" target=\"_blank\" rel=\"noopener noreferrer\">Zugspitze H\u00f6llental<\/a><\/em><\/h5>\n<h5 style=\"padding-left: 30px;\"><em><a href=\"http:\/\/climbwatzmann.botsch.eu\" target=\"_blank\" rel=\"noopener noreferrer\">Watzmann \u00dcberschreitung<\/a><\/em><\/h5>\n<h5 style=\"padding-left: 30px;\"><em><a href=\"http:\/\/climbkhumbu.botsch.eu\" target=\"_blank\" rel=\"noopener noreferrer\">Trekking Khumbu Everest\u00a0\u00a0\u00a0\u00a0\u00a0<\/a><\/em><\/h5>\n<h5 style=\"padding-left: 30px;\"><em><a href=\"http:\/\/climbvenediger.botsch.eu\" target=\"_blank\" rel=\"noopener noreferrer\">Gro\u00dfvenediger<\/a><\/em><\/h5>\n<\/td>\n<td style=\"width: 224.25pt; padding: 0pt 0pt 0pt 0pt; height: 291.0pt;\" width=\"299\">\n<h6 class=\"MsoNormal\" style=\"text-align: center;\"><a href=\"http:\/\/botsch.eu\/wp-content\/uploads\/2021\/02\/Klettern09.jpg\" target=\"_blank\" rel=\"noopener noreferrer\"><img loading=\"lazy\" decoding=\"async\" class=\"wp-image-1336 aligncenter\" src=\"http:\/\/botsch.eu\/wp-content\/uploads\/2021\/02\/Klettern09.jpg\" alt=\"\" width=\"384\" height=\"512\" srcset=\"http:\/\/botsch.eu\/wp-content\/uploads\/2021\/02\/Klettern09.jpg 2500w, http:\/\/botsch.eu\/wp-content\/uploads\/2021\/02\/Klettern09-225x300.jpg 225w, http:\/\/botsch.eu\/wp-content\/uploads\/2021\/02\/Klettern09-768x1023.jpg 768w, http:\/\/botsch.eu\/wp-content\/uploads\/2021\/02\/Klettern09-769x1024.jpg 769w\" sizes=\"auto, (max-width: 384px) 100vw, 384px\" \/><\/a><span class=\"SpellE\"><span style=\"font-size: 10.0pt; color: gray;\"><br \/>\nLauchagrund\/Tabarz, B\u00e4renbruchwand S\u00fcdwand (6), Okt. 2020<\/span><\/span><\/h6>\n<\/td>\n<\/tr>\n<tr style=\"mso-yfti-irow: 1;\">\n<td class=\"auto-style1\" style=\"width: 120.5pt; padding: 0pt 0pt 0pt 60px; height: 50pt;\" width=\"206\"><a href=\"http:\/\/www.bergsport-jena.de\" target=\"_blank\" rel=\"noopener noreferrer\"><img loading=\"lazy\" decoding=\"async\" class=\"wp-image-283 alignleft\" title=\"lgo_bsv\" src=\"http:\/\/botsch.eu\/wp-content\/uploads\/2013\/01\/lgo_bsv.jpg\" alt=\"\" width=\"110\" height=\"87\" \/><\/a><\/td>\n<td style=\"width: 222.75pt; padding: 0pt 0pt 0pt 0pt; height: 80pt;\" width=\"297\">\n<h5 style=\"padding-left: 30px;\"><span style=\"color: #000080;\">Rainer klettert seit 1976, organisiert bis 1991 in\u00a0der BSG Glaswerk Jena<span class=\"GramE\">, <\/span>Sektion Bergsteigen.<br \/>\n<\/span><span style=\"color: #000080;\">Seit 1991 Mitglied des Bergsportverein Jena e.V.\u00a0 im DAV<\/span><\/h5>\n<\/td>\n<\/tr>\n<\/tbody>\n<\/table>\n<\/div>\n","protected":false},"excerpt":{"rendered":"<p>Klettern und Bergsport Klettern in Th\u00fcringen Klettern in Sachsen Zugspitze H\u00f6llental Watzmann \u00dcberschreitung Trekking Khumbu Everest\u00a0\u00a0\u00a0\u00a0\u00a0 Gro\u00dfvenediger Lauchagrund\/Tabarz, B\u00e4renbruchwand S\u00fcdwand (6), Okt. 2020 Rainer klettert seit 1976, organisiert bis 1991 in\u00a0der BSG Glaswerk Jena, Sektion Bergsteigen. Seit 1991 Mitglied des Bergsportverein Jena e.V.\u00a0 im DAV<\/p>\n","protected":false},"author":1,"featured_media":321,"parent":0,"menu_order":3,"comment_status":"closed","ping_status":"closed","template":"template-twocolumnsleft.php","meta":{"footnotes":""},"class_list":["post-22","page","type-page","status-publish","has-post-thumbnail","hentry","nodate","item-wrap"],"_links":{"self":[{"href":"http:\/\/botsch.eu\/index.php?rest_route=\/wp\/v2\/pages\/22","targetHints":{"allow":["GET"]}}],"collection":[{"href":"http:\/\/botsch.eu\/index.php?rest_route=\/wp\/v2\/pages"}],"about":[{"href":"http:\/\/botsch.eu\/index.php?rest_route=\/wp\/v2\/types\/page"}],"author":[{"embeddable":true,"href":"http:\/\/botsch.eu\/index.php?rest_route=\/wp\/v2\/users\/1"}],"replies":[{"embeddable":true,"href":"http:\/\/botsch.eu\/index.php?rest_route=%2Fwp%2Fv2%2Fcomments&post=22"}],"version-history":[{"count":149,"href":"http:\/\/botsch.eu\/index.php?rest_route=\/wp\/v2\/pages\/22\/revisions"}],"predecessor-version":[{"id":1352,"href":"http:\/\/botsch.eu\/index.php?rest_route=\/wp\/v2\/pages\/22\/revisions\/1352"}],"wp:featuredmedia":[{"embeddable":true,"href":"http:\/\/botsch.eu\/index.php?rest_route=\/wp\/v2\/media\/321"}],"wp:attachment":[{"href":"http:\/\/botsch.eu\/index.php?rest_route=%2Fwp%2Fv2%2Fmedia&parent=22"}],"curies":[{"name":"wp","href":"https:\/\/api.w.org\/{rel}","templated":true}]}}