{"id":24,"date":"2013-01-31T08:28:48","date_gmt":"2013-01-31T08:28:48","guid":{"rendered":"http:\/\/botsch.eu\/?page_id=24"},"modified":"2025-04-18T16:46:57","modified_gmt":"2025-04-18T16:46:57","slug":"reisen","status":"publish","type":"page","link":"http:\/\/botsch.eu\/?page_id=24","title":{"rendered":"Reisen"},"content":{"rendered":"<p style=\"text-align: center;\"><strong><br \/>\n<a href=\"http:\/\/indien2024.botsch.eu\" target=\"_blank\" rel=\"noopener\"><img loading=\"lazy\" decoding=\"async\" class=\"wp-image-1397 aligncenter\" src=\"http:\/\/botsch.eu\/wp-content\/uploads\/2025\/01\/20241116_072200-scaled.jpg\" alt=\"\" width=\"597\" height=\"336\" srcset=\"http:\/\/botsch.eu\/wp-content\/uploads\/2025\/01\/20241116_072200-scaled.jpg 2560w, http:\/\/botsch.eu\/wp-content\/uploads\/2025\/01\/20241116_072200-300x169.jpg 300w, http:\/\/botsch.eu\/wp-content\/uploads\/2025\/01\/20241116_072200-1024x576.jpg 1024w, http:\/\/botsch.eu\/wp-content\/uploads\/2025\/01\/20241116_072200-768x432.jpg 768w, http:\/\/botsch.eu\/wp-content\/uploads\/2025\/01\/20241116_072200-1536x864.jpg 1536w, http:\/\/botsch.eu\/wp-content\/uploads\/2025\/01\/20241116_072200-2048x1152.jpg 2048w\" sizes=\"auto, (max-width: 597px) 100vw, 597px\" \/><\/a><\/strong>Taj Mahal, Indien (Foto: Botsch, November 2024)<\/p>\n<p style=\"text-align: center;\"><strong><a href=\"http:\/\/madagaskar2023.botsch.eu\" target=\"_blank\" rel=\"attachment noopener wp-att-1381\"><img loading=\"lazy\" decoding=\"async\" class=\"wp-image-1381 aligncenter\" src=\"http:\/\/botsch.eu\/wp-content\/uploads\/2024\/03\/Madagaskar-344-scaled.jpg\" alt=\"\" width=\"608\" height=\"405\" srcset=\"http:\/\/botsch.eu\/wp-content\/uploads\/2024\/03\/Madagaskar-344-scaled.jpg 2560w, http:\/\/botsch.eu\/wp-content\/uploads\/2024\/03\/Madagaskar-344-300x200.jpg 300w, http:\/\/botsch.eu\/wp-content\/uploads\/2024\/03\/Madagaskar-344-1024x683.jpg 1024w, http:\/\/botsch.eu\/wp-content\/uploads\/2024\/03\/Madagaskar-344-768x512.jpg 768w, http:\/\/botsch.eu\/wp-content\/uploads\/2024\/03\/Madagaskar-344-1536x1024.jpg 1536w, http:\/\/botsch.eu\/wp-content\/uploads\/2024\/03\/Madagaskar-344-2048x1365.jpg 2048w\" sizes=\"auto, (max-width: 608px) 100vw, 608px\" \/><\/a><\/strong>Andringitra-Gebirge, Madagaskar (Foto: Botsch, August 2023)<\/p>\n<p style=\"text-align: center;\"><strong><a href=\"http:\/\/botswana2019.botsch.eu\/\" target=\"_blank\" rel=\"attachment noopener wp-att-1327 noreferrer\"><img loading=\"lazy\" decoding=\"async\" class=\"wp-image-1327 aligncenter\" src=\"http:\/\/botsch.eu\/wp-content\/uploads\/2020\/04\/IMG_6533-3.jpg\" alt=\"\" width=\"614\" height=\"345\" srcset=\"http:\/\/botsch.eu\/wp-content\/uploads\/2020\/04\/IMG_6533-3.jpg 3264w, http:\/\/botsch.eu\/wp-content\/uploads\/2020\/04\/IMG_6533-3-300x169.jpg 300w, http:\/\/botsch.eu\/wp-content\/uploads\/2020\/04\/IMG_6533-3-768x432.jpg 768w, http:\/\/botsch.eu\/wp-content\/uploads\/2020\/04\/IMG_6533-3-1024x576.jpg 1024w\" sizes=\"auto, (max-width: 614px) 100vw, 614px\" \/><\/a><\/strong>Victoria Falls, Simbabwe (Foto: Botsch, August 2019)<\/p>\n<p style=\"text-align: center;\"><a href=\"http:\/\/chile2015.botsch.eu\/\" target=\"_blank\" rel=\"noopener noreferrer\"><img loading=\"lazy\" decoding=\"async\" class=\" wp-image-648\" src=\"http:\/\/botsch.eu\/wp-content\/uploads\/2013\/01\/Torres_NP.jpg\" alt=\"Torres_NP\" width=\"615\" height=\"410\" srcset=\"http:\/\/botsch.eu\/wp-content\/uploads\/2013\/01\/Torres_NP.jpg 945w, http:\/\/botsch.eu\/wp-content\/uploads\/2013\/01\/Torres_NP-300x200.jpg 300w\" sizes=\"auto, (max-width: 615px) 100vw, 615px\" \/><\/a><br \/>\nCuernos del Paine, Torres del Paine NP Patagonien, Chile (Foto: Botsch,12\/2015)<\/p>\n<p style=\"text-align: center;\"><a href=\"http:\/\/chile2015.botsch.eu\/\" target=\"_blank\" rel=\"noopener noreferrer\"><img loading=\"lazy\" decoding=\"async\" class=\"size-full wp-image-640 aligncenter\" src=\"http:\/\/botsch.eu\/wp-content\/uploads\/2016\/01\/Atacama.jpg\" alt=\"Atacama\" width=\"617\" height=\"434\" \/><\/a>\u00a0Valle de la Luna, Atacama, Chile \u00a0 (Foto: Botsch, Heiligabend 2015)<\/p>\n<p style=\"text-align: center;\"><strong><span style=\"color: #800000;\"><a href=\"http:\/\/usa2012.botsch.eu\/\" target=\"_blank\" rel=\"noopener noreferrer\"><img loading=\"lazy\" decoding=\"async\" class=\"aligncenter  wp-image-82\" title=\"Mesa Arch, Utah\" src=\"http:\/\/botsch.eu\/wp-content\/uploads\/2013\/01\/img_15031.jpg\" alt=\"\" width=\"618\" height=\"469\" \/><\/a><\/span><\/strong>Mesa Arch, Canyonlands National Park, Utah (Foto: Botsch, Sept. 2012)<\/p>\n<p style=\"text-align: center;\"><a href=\"http:\/\/namibia2009.botsch.eu\/\" target=\"_blank\" rel=\"noopener noreferrer\"><img loading=\"lazy\" decoding=\"async\" class=\"aligncenter  wp-image-364\" title=\"Erongo, Namibia\" src=\"http:\/\/botsch.eu\/wp-content\/uploads\/2013\/01\/namibia_247.jpg\" alt=\"\" width=\"619\" height=\"520\" \/><\/a>Erongo-Gebirge, Namibia (Foto. Botsch, August 2009)<span style=\"color: #0000ff;\"><strong><br \/>\n<\/strong><\/span><\/p>\n<table class=\"auto-style1 aligncenter\" width=\"624\">\n<tbody>\n<tr>\n<td>\n<h4 style=\"text-align: justify;\"><strong><span style=\"color: #3366ff;\">Die t\u00e4gliche Erfahrung lehrt, da\u00df diejenigen, welche viel reisen, an Urteilskraft gewinnen; da\u00df die Gewohnheit \u2013 fremde V\u00f6lker, Sitten und Gebr\u00e4uche zu beobachten, den Kreis ihrer Ideen erweitert und sie von manchen Vorurteilen befreit.<\/span><\/strong><\/h4>\n<p><em> Fran\u00e7ois Pierre Guillaume Guizot<\/em><br \/>\n<em> (1787 &#8211; 1874), franz\u00f6sischer Politiker und Schriftsteller<br \/>\n<\/em><\/p>\n<h6>unsere bisherigen Reiseziele:<em>\u00a0\u00a0\u00a0\u00a0\u00a0\u00a0\u00a0\u00a0\u00a0\u00a0\u00a0\u00a0<\/em><\/h6>\n<h6><em>\u00a0\u00a0\u00a0\u00a0\u00a0\u00a0\u00a0\u00a0\u00a0\u00a0 <a href=\"http:\/\/botsch.eu\/?attachment_id=1362\" rel=\"attachment wp-att-1362\"><img loading=\"lazy\" decoding=\"async\" class=\" wp-image-1362 aligncenter\" src=\"http:\/\/botsch.eu\/wp-content\/uploads\/2023\/11\/erde34.jpg\" alt=\"\" width=\"603\" height=\"473\" srcset=\"http:\/\/botsch.eu\/wp-content\/uploads\/2023\/11\/erde34.jpg 510w, http:\/\/botsch.eu\/wp-content\/uploads\/2023\/11\/erde34-300x235.jpg 300w\" sizes=\"auto, (max-width: 603px) 100vw, 603px\" \/><\/a><br \/>\n<\/em><\/h6>\n<p><em>\u00a0\u00a0\u00a0\u00a0\u00a0\u00a0\u00a0\u00a0 <\/em><\/td>\n<\/tr>\n<\/tbody>\n<\/table>\n","protected":false},"excerpt":{"rendered":"<p>Taj Mahal, Indien (Foto: Botsch, November 2024) Andringitra-Gebirge, Madagaskar (Foto: Botsch, August 2023) Victoria Falls, Simbabwe (Foto: Botsch, August 2019) Cuernos del Paine, Torres del Paine NP Patagonien, Chile (Foto: Botsch,12\/2015) \u00a0Valle de la Luna, Atacama, Chile \u00a0 (Foto: Botsch, Heiligabend 2015) Mesa Arch, Canyonlands National Park, Utah (Foto: Botsch, Sept. 2012) Erongo-Gebirge, Namibia (Foto. &hellip; <\/p>\n<p><a class=\"more-link btn\" href=\"http:\/\/botsch.eu\/?page_id=24\">Continue reading<\/a><\/p>\n","protected":false},"author":1,"featured_media":98,"parent":0,"menu_order":2,"comment_status":"closed","ping_status":"closed","template":"template-twocolumnsright.php","meta":{"footnotes":""},"class_list":["post-24","page","type-page","status-publish","has-post-thumbnail","hentry","nodate","item-wrap"],"_links":{"self":[{"href":"http:\/\/botsch.eu\/index.php?rest_route=\/wp\/v2\/pages\/24","targetHints":{"allow":["GET"]}}],"collection":[{"href":"http:\/\/botsch.eu\/index.php?rest_route=\/wp\/v2\/pages"}],"about":[{"href":"http:\/\/botsch.eu\/index.php?rest_route=\/wp\/v2\/types\/page"}],"author":[{"embeddable":true,"href":"http:\/\/botsch.eu\/index.php?rest_route=\/wp\/v2\/users\/1"}],"replies":[{"embeddable":true,"href":"http:\/\/botsch.eu\/index.php?rest_route=%2Fwp%2Fv2%2Fcomments&post=24"}],"version-history":[{"count":136,"href":"http:\/\/botsch.eu\/index.php?rest_route=\/wp\/v2\/pages\/24\/revisions"}],"predecessor-version":[{"id":1410,"href":"http:\/\/botsch.eu\/index.php?rest_route=\/wp\/v2\/pages\/24\/revisions\/1410"}],"wp:featuredmedia":[{"embeddable":true,"href":"http:\/\/botsch.eu\/index.php?rest_route=\/wp\/v2\/media\/98"}],"wp:attachment":[{"href":"http:\/\/botsch.eu\/index.php?rest_route=%2Fwp%2Fv2%2Fmedia&parent=24"}],"curies":[{"name":"wp","href":"https:\/\/api.w.org\/{rel}","templated":true}]}}