{"id":482,"date":"2013-02-18T18:16:45","date_gmt":"2013-02-18T18:16:45","guid":{"rendered":"http:\/\/botsch.eu\/?page_id=482"},"modified":"2018-05-25T11:06:56","modified_gmt":"2018-05-25T11:06:56","slug":"kontakt","status":"publish","type":"page","link":"http:\/\/botsch.eu\/?page_id=482","title":{"rendered":"Kontakt"},"content":{"rendered":"<h5 style=\"padding-left: 60px;\"><span style=\"text-decoration: underline;\">Impressum<\/span><\/h5>\n<h5 style=\"padding-left: 60px;\"><span style=\"text-decoration: underline;\">Kontakt<\/span><br \/>\nTelefon:\u00a0\u00a0 03641 609095<br \/>\nE-Mail:\u00a0\u00a0\u00a0 rainer.botsch@arcor.de<\/h5>\n<h5 style=\"padding-left: 60px;\"><span style=\"text-decoration: underline;\">Haftungsausschluss<\/span><br \/>\nDie Benutzung der Webseiten und das Herunterladen von Dateien erfolgen auf eigene Gefahr.\u00a0 Der Inhaber<br \/>\n\u00fcbernimmt keine Verantwortung f\u00fcr hieraus entstehende Sch\u00e4den, insbesondere an Datenbest\u00e4nden oder<br \/>\nder Hard- oder Software des Benutzers.<\/h5>\n<h5 style=\"padding-left: 60px;\"><span style=\"text-decoration: underline;\">Haftung f\u00fcr Links<\/span><br \/>\nUnsere Homepage enth\u00e4lt Links zu externen Webseiten Dritter, auf deren Inhalte wir keinen Einfluss haben.<br \/>\nDeshalb k\u00f6nnen wir f\u00fcr diese fremden Inhalte auch keine Gew\u00e4hr \u00fcbernehmen. F\u00fcr die Inhalte der verlinkten<br \/>\nSeiten ist stets der jeweilige Anbieter oder Betreiber der Seiten verantwortlich. Die verlinkten Seiten wurden<br \/>\nzum Zeitpunkt der Verlinkung auf m\u00f6gliche Rechtsverst\u00f6\u00dfe \u00fcberpr\u00fcft. Rechtswidrige Inhalte waren zum Zeit-<br \/>\npunkt der Verlinkung nicht erkennbar. Eine permanente inhaltliche Kontrolle der verlinkten Seiten ist jedoch<br \/>\nohne konkrete Anhaltspunkte einer Rechtsverletzung nicht zumutbar. Bei Bekanntwerden von Rechtsverletzungen<br \/>\nwerden wir derartige Links umgehend entfernen.<\/h5>\n<p style=\"padding-left: 60px;\"><del>\u00a0\u00a0\u00a0\u00a0\u00a0\u00a0\u00a0\u00a0\u00a0\u00a0\u00a0\u00a0\u00a0\u00a0\u00a0\u00a0\u00a0\u00a0\u00a0\u00a0\u00a0\u00a0\u00a0\u00a0\u00a0\u00a0\u00a0\u00a0\u00a0\u00a0\u00a0\u00a0\u00a0\u00a0\u00a0\u00a0\u00a0\u00a0\u00a0\u00a0\u00a0\u00a0\u00a0\u00a0\u00a0\u00a0\u00a0\u00a0\u00a0\u00a0\u00a0\u00a0\u00a0\u00a0\u00a0\u00a0\u00a0\u00a0\u00a0\u00a0\u00a0\u00a0\u00a0\u00a0\u00a0\u00a0\u00a0\u00a0\u00a0\u00a0\u00a0\u00a0\u00a0\u00a0\u00a0\u00a0\u00a0\u00a0\u00a0\u00a0\u00a0\u00a0\u00a0\u00a0\u00a0\u00a0\u00a0\u00a0\u00a0\u00a0\u00a0\u00a0\u00a0\u00a0\u00a0\u00a0\u00a0\u00a0\u00a0\u00a0\u00a0\u00a0\u00a0\u00a0\u00a0\u00a0\u00a0\u00a0\u00a0\u00a0\u00a0\u00a0\u00a0\u00a0\u00a0\u00a0\u00a0\u00a0\u00a0\u00a0\u00a0\u00a0\u00a0\u00a0\u00a0\u00a0\u00a0\u00a0\u00a0\u00a0\u00a0\u00a0\u00a0\u00a0\u00a0\u00a0\u00a0\u00a0\u00a0\u00a0\u00a0\u00a0\u00a0\u00a0\u00a0\u00a0\u00a0\u00a0\u00a0\u00a0\u00a0\u00a0\u00a0\u00a0\u00a0\u00a0\u00a0\u00a0\u00a0\u00a0\u00a0\u00a0\u00a0\u00a0\u00a0\u00a0\u00a0\u00a0\u00a0\u00a0\u00a0\u00a0\u00a0\u00a0\u00a0\u00a0\u00a0\u00a0\u00a0\u00a0\u00a0\u00a0\u00a0\u00a0\u00a0\u00a0\u00a0\u00a0\u00a0\u00a0\u00a0\u00a0\u00a0\u00a0\u00a0\u00a0\u00a0\u00a0\u00a0\u00a0\u00a0\u00a0\u00a0\u00a0\u00a0\u00a0\u00a0\u00a0\u00a0\u00a0\u00a0\u00a0\u00a0\u00a0\u00a0\u00a0\u00a0\u00a0\u00a0\u00a0\u00a0\u00a0\u00a0\u00a0 <\/del><\/p>\n","protected":false},"excerpt":{"rendered":"<p>Impressum Kontakt Telefon:\u00a0\u00a0 03641 609095 E-Mail:\u00a0\u00a0\u00a0 rainer.botsch@arcor.de Haftungsausschluss Die Benutzung der Webseiten und das Herunterladen von Dateien erfolgen auf eigene Gefahr.\u00a0 Der Inhaber \u00fcbernimmt keine Verantwortung f\u00fcr hieraus entstehende Sch\u00e4den, insbesondere an Datenbest\u00e4nden oder der Hard- oder Software des Benutzers. Haftung f\u00fcr Links Unsere Homepage enth\u00e4lt Links zu externen Webseiten Dritter, auf deren Inhalte wir &hellip; <\/p>\n<p><a class=\"more-link btn\" href=\"http:\/\/botsch.eu\/?page_id=482\">Continue reading<\/a><\/p>\n","protected":false},"author":1,"featured_media":0,"parent":0,"menu_order":6,"comment_status":"closed","ping_status":"closed","template":"template-onecolumn.php","meta":{"footnotes":""},"class_list":["post-482","page","type-page","status-publish","hentry","nodate","item-wrap"],"_links":{"self":[{"href":"http:\/\/botsch.eu\/index.php?rest_route=\/wp\/v2\/pages\/482","targetHints":{"allow":["GET"]}}],"collection":[{"href":"http:\/\/botsch.eu\/index.php?rest_route=\/wp\/v2\/pages"}],"about":[{"href":"http:\/\/botsch.eu\/index.php?rest_route=\/wp\/v2\/types\/page"}],"author":[{"embeddable":true,"href":"http:\/\/botsch.eu\/index.php?rest_route=\/wp\/v2\/users\/1"}],"replies":[{"embeddable":true,"href":"http:\/\/botsch.eu\/index.php?rest_route=%2Fwp%2Fv2%2Fcomments&post=482"}],"version-history":[{"count":70,"href":"http:\/\/botsch.eu\/index.php?rest_route=\/wp\/v2\/pages\/482\/revisions"}],"predecessor-version":[{"id":489,"href":"http:\/\/botsch.eu\/index.php?rest_route=\/wp\/v2\/pages\/482\/revisions\/489"}],"wp:attachment":[{"href":"http:\/\/botsch.eu\/index.php?rest_route=%2Fwp%2Fv2%2Fmedia&parent=482"}],"curies":[{"name":"wp","href":"https:\/\/api.w.org\/{rel}","templated":true}]}}